{"id":20,"date":"2015-04-26T19:22:57","date_gmt":"2015-04-26T19:22:57","guid":{"rendered":"http:\/\/www.inakiecheverria.com\/?page_id=20"},"modified":"2015-07-21T23:35:31","modified_gmt":"2015-07-21T23:35:31","slug":"semblanza-inaki-echeverria","status":"publish","type":"page","link":"http:\/\/www.inakiecheverria.com\/?page_id=20","title":{"rendered":"SEMBLANZA I\u00d1AKI ECHEVERRIA"},"content":{"rendered":"<p><\/p>\n<p>Arquitecto y urbanista de paisaje con sede en la Ciudad de M\u00e9xico. I\u00f1aki Echeverria tiene una maestr\u00eda de la GSAPP de la Universidad de Columbia y el grado profesional por parte de la UNAM. Es miembro del Consejo de Expertos del CONDUSE (Consejo Asesor de Desarrollo Urbano Sustentable) y miembro de n\u00famero del Colegio de Arquitectos de la Ciudad de M\u00e9xico.<\/p>\n<p>&nbsp;<\/p>\n<p>Es profesor en la Graduate School of Design de la Universidad de Harvard, la Universidad Iberoamericana, el Aedes Network Campus Berl\u00edn, jurado y conferencista en M\u00e9xico, EE.UU. y Alemania. Su trabajo ha sido publicado y exhibido en la Bienal de Venecia, Berl\u00edn, Hamburgo, Hannover, Stuttgart, Lisboa, Torino, Durban, Shanghai, Beijing, Philadelphia, Nueva York y M\u00e9xico.<\/p>\n<p>&nbsp;<\/p>\n<p>Su firma hom\u00f3nima, fundada en 2008 ha sido galardonada con comisiones de alto perfil, tanto p\u00fablicas como privadas, tales como el Parque Ecol\u00f3gico Lago de Texcoco (35 000 ha), el Parque Atlacomulco, el Museo Papalote Verde en Monterrey y la imagen arquitect\u00f3nica de tiendas para Liverpool.<\/p>\n<p>&nbsp;<\/p>\n<p>Su enfoque multidisciplinario ofrece soluciones \u00fanicas y espec\u00edficas a condiciones complejas: desde proyectos de recuperaci\u00f3n, remediaci\u00f3n ambiental y estrategias territoriales hasta dise\u00f1o de paisaje y ciudad, arquitectura y producci\u00f3n de proyectos. La pr\u00e1ctica extiende su investigaci\u00f3n en dise\u00f1o de procesos y conceptos de dise\u00f1o e instalaciones de arte.<\/p>\n<p>&nbsp;<\/p>\n<p>Foto I\u00f1aki Echeverria: Nuria Lagarde<\/p>\n<p>&nbsp;<\/p>\n<p>&nbsp;<\/p>\n<p><\/p>","protected":false},"excerpt":{"rendered":"Arquitecto y urbanista de paisaje con sede en la Ciudad de M\u00e9xico. I\u00f1aki Echeverria tiene una maestr\u00eda de la GSAPP de la Universidad de Columbia y el grado profesional por parte de la UNAM. Es miembro del Consejo de Expertos del CONDUSE (Consejo Asesor de Desarrollo Urbano Sustentable) y miembro de n\u00famero del Colegio de&#8230; <a class=\"view-article\" href=\"http:\/\/www.inakiecheverria.com\/?page_id=20\">Ver art\u00edculo<\/a>","protected":false},"author":1,"featured_media":0,"parent":0,"menu_order":0,"comment_status":"closed","ping_status":"closed","template":"template-semblanza.php","meta":[],"_links":{"self":[{"href":"http:\/\/www.inakiecheverria.com\/index.php?rest_route=\/wp\/v2\/pages\/20"}],"collection":[{"href":"http:\/\/www.inakiecheverria.com\/index.php?rest_route=\/wp\/v2\/pages"}],"about":[{"href":"http:\/\/www.inakiecheverria.com\/index.php?rest_route=\/wp\/v2\/types\/page"}],"author":[{"embeddable":true,"href":"http:\/\/www.inakiecheverria.com\/index.php?rest_route=\/wp\/v2\/users\/1"}],"replies":[{"embeddable":true,"href":"http:\/\/www.inakiecheverria.com\/index.php?rest_route=%2Fwp%2Fv2%2Fcomments&post=20"}],"version-history":[{"count":1,"href":"http:\/\/www.inakiecheverria.com\/index.php?rest_route=\/wp\/v2\/pages\/20\/revisions"}],"predecessor-version":[{"id":383,"href":"http:\/\/www.inakiecheverria.com\/index.php?rest_route=\/wp\/v2\/pages\/20\/revisions\/383"}],"wp:attachment":[{"href":"http:\/\/www.inakiecheverria.com\/index.php?rest_route=%2Fwp%2Fv2%2Fmedia&parent=20"}],"curies":[{"name":"wp","href":"https:\/\/api.w.org\/{rel}","templated":true}]}}